{"id":14,"date":"2025-08-06T23:40:37","date_gmt":"2025-08-06T23:40:37","guid":{"rendered":"http:\/\/okamisekai.com\/?page_id=14"},"modified":"2026-02-23T05:11:53","modified_gmt":"2026-02-23T03:11:53","slug":"okami","status":"publish","type":"page","link":"https:\/\/okamisekai.com\/index.php\/okami\/","title":{"rendered":"\u014ckami"},"content":{"rendered":"\t\t<div data-elementor-type=\"wp-page\" data-elementor-id=\"14\" class=\"elementor elementor-14\">\n\t\t\t\t<div class=\"elementor-element elementor-element-58016dd e-flex e-con-boxed e-con e-parent\" data-id=\"58016dd\" data-element_type=\"container\" data-e-type=\"container\">\n\t\t\t\t\t<div class=\"e-con-inner\">\n\t\t\t\t<div class=\"elementor-element elementor-element-9a1275b elementor-widget__width-initial elementor-widget elementor-widget-image\" data-id=\"9a1275b\" data-element_type=\"widget\" data-e-type=\"widget\" data-widget_type=\"image.default\">\n\t\t\t\t\t\t\t\t\t\t\t\t\t\t\t<img fetchpriority=\"high\" decoding=\"async\" width=\"1024\" height=\"576\" src=\"https:\/\/okamisekai.com\/wp-content\/uploads\/2026\/02\/Animation-Okamisekai.com_.gif\" class=\"attachment-large size-large wp-image-1662\" alt=\"\" \/>\t\t\t\t\t\t\t\t\t\t\t\t\t\t\t<\/div>\n\t\t\t\t\t<\/div>\n\t\t\t\t<\/div>\n\t\t<div class=\"elementor-element elementor-element-38221c7 e-flex e-con-boxed e-con e-parent\" data-id=\"38221c7\" data-element_type=\"container\" data-e-type=\"container\">\n\t\t\t\t\t<div class=\"e-con-inner\">\n\t\t\t\t<div class=\"elementor-element elementor-element-541a684 elementor-widget elementor-widget-image\" data-id=\"541a684\" data-element_type=\"widget\" data-e-type=\"widget\" data-widget_type=\"image.default\">\n\t\t\t\t\t\t\t\t\t\t\t\t\t\t\t<img decoding=\"async\" width=\"813\" height=\"1024\" src=\"https:\/\/okamisekai.com\/wp-content\/uploads\/2025\/08\/2d1ce89f-160c-4d51-93c9-301af0e26e91-813x1024.jpg\" class=\"attachment-large size-large wp-image-415\" alt=\"\" srcset=\"https:\/\/okamisekai.com\/wp-content\/uploads\/2025\/08\/2d1ce89f-160c-4d51-93c9-301af0e26e91-813x1024.jpg 813w, https:\/\/okamisekai.com\/wp-content\/uploads\/2025\/08\/2d1ce89f-160c-4d51-93c9-301af0e26e91-238x300.jpg 238w, https:\/\/okamisekai.com\/wp-content\/uploads\/2025\/08\/2d1ce89f-160c-4d51-93c9-301af0e26e91-768x967.jpg 768w, https:\/\/okamisekai.com\/wp-content\/uploads\/2025\/08\/2d1ce89f-160c-4d51-93c9-301af0e26e91-1219x1536.jpg 1219w, https:\/\/okamisekai.com\/wp-content\/uploads\/2025\/08\/2d1ce89f-160c-4d51-93c9-301af0e26e91.jpg 1625w\" sizes=\"(max-width: 813px) 100vw, 813px\" \/>\t\t\t\t\t\t\t\t\t\t\t\t\t\t\t<\/div>\n\t\t\t\t\t<\/div>\n\t\t\t\t<\/div>\n\t\t<div class=\"elementor-element elementor-element-8ac79fc e-flex e-con-boxed e-con e-parent\" data-id=\"8ac79fc\" data-element_type=\"container\" data-e-type=\"container\">\n\t\t\t\t\t<div class=\"e-con-inner\">\n\t\t<div class=\"elementor-element elementor-element-8c17c0e e-con-full e-flex e-con e-child\" data-id=\"8c17c0e\" data-element_type=\"container\" data-e-type=\"container\">\n\t\t\t\t<div class=\"elementor-element elementor-element-897f1da elementor-widget elementor-widget-heading\" data-id=\"897f1da\" data-element_type=\"widget\" data-e-type=\"widget\" data-widget_type=\"heading.default\">\n\t\t\t\t\t<h2 class=\"elementor-heading-title elementor-size-default\">Mon parcours<\/h2>\t\t\t\t<\/div>\n\t\t\t\t<div class=\"elementor-element elementor-element-781694f elementor-widget elementor-widget-text-editor\" data-id=\"781694f\" data-element_type=\"widget\" data-e-type=\"widget\" data-widget_type=\"text-editor.default\">\n\t\t\t\t\t\t\t\t\t<p><em>\u00ab\u00a0On me demande souvent si j&rsquo;ai appris \u00e0 dessiner en cours, la r\u00e9ponse est oui, en cours de maths.\u00a0\u00bb<\/em><\/p>\t\t\t\t\t\t\t\t<\/div>\n\t\t\t\t<div class=\"elementor-element elementor-element-48ed277 elementor-widget__width-initial elementor-widget elementor-widget-text-editor\" data-id=\"48ed277\" data-element_type=\"widget\" data-e-type=\"widget\" data-widget_type=\"text-editor.default\">\n\t\t\t\t\t\t\t\t\t<p><img decoding=\"async\" class=\"alignleft wp-image-457 \" src=\"https:\/\/okamisekai.com\/wp-content\/uploads\/2025\/08\/7548ea60-b6f8-4881-bcac-99d5998e1c76-780x1024.jpg\" alt=\"\" width=\"276\" height=\"363\" srcset=\"https:\/\/okamisekai.com\/wp-content\/uploads\/2025\/08\/7548ea60-b6f8-4881-bcac-99d5998e1c76-780x1024.jpg 780w, https:\/\/okamisekai.com\/wp-content\/uploads\/2025\/08\/7548ea60-b6f8-4881-bcac-99d5998e1c76-229x300.jpg 229w, https:\/\/okamisekai.com\/wp-content\/uploads\/2025\/08\/7548ea60-b6f8-4881-bcac-99d5998e1c76-768x1008.jpg 768w, https:\/\/okamisekai.com\/wp-content\/uploads\/2025\/08\/7548ea60-b6f8-4881-bcac-99d5998e1c76-1170x1536.jpg 1170w, https:\/\/okamisekai.com\/wp-content\/uploads\/2025\/08\/7548ea60-b6f8-4881-bcac-99d5998e1c76-1560x2048.jpg 1560w, https:\/\/okamisekai.com\/wp-content\/uploads\/2025\/08\/7548ea60-b6f8-4881-bcac-99d5998e1c76.jpg 1562w\" sizes=\"(max-width: 276px) 100vw, 276px\" \/><\/p><p>\u00a0 \u00a0 \u00a0Je m&rsquo;apelle Okami, je suis auteur illustrateur et j&rsquo;ai commenc\u00e9 le dessin au coll\u00e8ge, au m\u00eame moment o\u00f9 je d\u00e9couvrais les mangas.<br \/>\u00a0 \u00a0 \u00a0En entrant au lyc\u00e9e, j&rsquo;ai commenc\u00e9 \u00e0 faire des petits strips dans les marges de mes cours, mes ami.e.s adoraient et m&rsquo;ont encourag\u00e9 \u00e0 ouvrir une page facebook. Le 6 Mars 2014, je cr\u00e9\u00e9 donc ma page et publie mon premier strip en ligne, j&rsquo;obtiens quelques r\u00e9actions de mes amis et de la famille. Je d\u00e9cide alors de poster r\u00e9guli\u00e8rement sur ma page et petits \u00e0 petits des personnes de plus en plus nombreuses commencent \u00e0 me suivre.<\/p><p>\u00a0 \u00a0 \u00a0C\u00f4t\u00e9 scolaire, apr\u00e8s avoir redoubl\u00e9 ma premi\u00e8re ann\u00e9e de lyc\u00e9e je me r\u00e9oriente vers une fili\u00e8re professionnelle. Mon objectif apr\u00e8s le bac pro est de faire des \u00e9tudes sup\u00e9rieures dans le costume et l&rsquo;habillement pour \u00e0 terme devenir costumier. Cependant, je fait une phobie scolaire \u00e0 un an du bac pro en 2017. Je quitte donc le lyc\u00e9e sans bac et me consacre au dessin. Je commence \u00e0 publier un strip par semaine.<\/p><p>\u00a0 \u00a0 \u00a0En 2018, j&rsquo;expose pour la premi\u00e8re fois au salon Caramanga. Je propose des goodies illustr\u00e9s et portraits \u00e0 la demande. Cela fonctionne plut\u00f4t bien, je rencontre pleins de nouvelles personnes et j&rsquo;aime beaucoup l&rsquo;ambiance. Je m&rsquo;inscrit sans plus tarder \u00e0 d&rsquo;autres festivals.<\/p><p>\u00a0 \u00a0 \u00a0Je fais du b\u00e9n\u00e9volat en dessin pour plusieurs associations rencontr\u00e9es en festivals. J&rsquo;apprends beaucoup \u00e0 leur contact.<\/p><p>\u00a0 \u00a0 \u00a0Depuis, je me consacre aux festivals et \u00e0 mes projets persos.<\/p>\t\t\t\t\t\t\t\t<\/div>\n\t\t\t\t<\/div>\n\t\t\t\t\t<\/div>\n\t\t\t\t<\/div>\n\t\t<div class=\"elementor-element elementor-element-d727582 e-flex e-con-boxed e-con e-parent\" data-id=\"d727582\" data-element_type=\"container\" data-e-type=\"container\">\n\t\t\t\t\t<div class=\"e-con-inner\">\n\t\t<div class=\"elementor-element elementor-element-0dad725 e-con-full e-flex e-con e-child\" data-id=\"0dad725\" data-element_type=\"container\" data-e-type=\"container\">\n\t\t\t\t<div class=\"elementor-element elementor-element-9664b09 elementor-widget elementor-widget-heading\" data-id=\"9664b09\" data-element_type=\"widget\" data-e-type=\"widget\" data-widget_type=\"heading.default\">\n\t\t\t\t\t<h2 class=\"elementor-heading-title elementor-size-default\">Mon activit\u00e9 et mes projets<\/h2>\t\t\t\t<\/div>\n\t\t\t\t<\/div>\n\t\t\t\t\t<\/div>\n\t\t\t\t<\/div>\n\t\t<div class=\"elementor-element elementor-element-3249725 e-flex e-con-boxed e-con e-parent\" data-id=\"3249725\" data-element_type=\"container\" data-e-type=\"container\">\n\t\t\t\t\t<div class=\"e-con-inner\">\n\t\t<div class=\"elementor-element elementor-element-7fb99cc e-con-full e-flex e-con e-child\" data-id=\"7fb99cc\" data-element_type=\"container\" data-e-type=\"container\">\n\t\t\t\t<div class=\"elementor-element elementor-element-c9f3040 elementor-widget__width-initial elementor-widget elementor-widget-text-editor\" data-id=\"c9f3040\" data-element_type=\"widget\" data-e-type=\"widget\" data-widget_type=\"text-editor.default\">\n\t\t\t\t\t\t\t\t\t<ul><li>\u00a0Je propose des <a href=\"https:\/\/ko-fi.com\/okamistainedsekai\/commissions\" target=\"_blank\" rel=\"noopener\">commissions<\/a> pour tous les budgets. J&rsquo;adore travailler sur des <a href=\"https:\/\/okamisekai.com\/index.php\/affiches\/\" target=\"_blank\" rel=\"noopener\">affiches<\/a> de festival et des <a href=\"https:\/\/okamisekai.com\/index.php\/couvertures\/\" target=\"_blank\" rel=\"noopener\">couvertures<\/a> de romans, mon r\u00eave est d&rsquo;illustrer un jeu de soci\u00e9t\u00e9.<\/li><li>Je publie r\u00e9guli\u00e8rement des dessins sur mes r\u00e9seaux.<\/li><li>J&rsquo;ai en projet de me remettre aux strips d&rsquo;ici la fin de l&rsquo;ann\u00e9e.<\/li><li>Enfin, j&rsquo;aimerais faire un carnet de voyage illustr\u00e9 sur le Japon.<\/li><\/ul>\t\t\t\t\t\t\t\t<\/div>\n\t\t\t\t<\/div>\n\t\t<div class=\"elementor-element elementor-element-9bed4da e-con-full e-flex e-con e-child\" data-id=\"9bed4da\" data-element_type=\"container\" data-e-type=\"container\">\n\t\t\t\t<div class=\"elementor-element elementor-element-d5689cd elementor-widget elementor-widget-image\" data-id=\"d5689cd\" data-element_type=\"widget\" data-e-type=\"widget\" data-widget_type=\"image.default\">\n\t\t\t\t\t\t\t\t\t\t\t\t\t\t\t<img loading=\"lazy\" decoding=\"async\" width=\"789\" height=\"1024\" src=\"https:\/\/okamisekai.com\/wp-content\/uploads\/2025\/08\/Mes-projet-recadre-789x1024.png\" class=\"attachment-large size-large wp-image-679\" alt=\"Okami pr\u00e9sente ses projets\" srcset=\"https:\/\/okamisekai.com\/wp-content\/uploads\/2025\/08\/Mes-projet-recadre-789x1024.png 789w, https:\/\/okamisekai.com\/wp-content\/uploads\/2025\/08\/Mes-projet-recadre-231x300.png 231w, https:\/\/okamisekai.com\/wp-content\/uploads\/2025\/08\/Mes-projet-recadre-768x997.png 768w, https:\/\/okamisekai.com\/wp-content\/uploads\/2025\/08\/Mes-projet-recadre.png 925w\" sizes=\"(max-width: 789px) 100vw, 789px\" \/>\t\t\t\t\t\t\t\t\t\t\t\t\t\t\t<\/div>\n\t\t\t\t<\/div>\n\t\t\t\t\t<\/div>\n\t\t\t\t<\/div>\n\t\t\t\t<\/div>\n\t\t","protected":false},"excerpt":{"rendered":"<p>Mon parcours \u00ab\u00a0On me demande souvent si j&rsquo;ai appris \u00e0 dessiner en cours, la r\u00e9ponse est oui, en cours de maths.\u00a0\u00bb \u00a0 \u00a0 \u00a0Je m&rsquo;apelle Okami, je suis auteur illustrateur et j&rsquo;ai commenc\u00e9 le dessin au coll\u00e8ge, au m\u00eame moment o\u00f9 je d\u00e9couvrais les mangas.\u00a0 \u00a0 \u00a0En entrant au lyc\u00e9e, j&rsquo;ai commenc\u00e9 \u00e0 faire des [&hellip;]<\/p>\n","protected":false},"author":1,"featured_media":0,"parent":0,"menu_order":0,"comment_status":"closed","ping_status":"closed","template":"","meta":{"ocean_post_layout":"","ocean_both_sidebars_style":"","ocean_both_sidebars_content_width":0,"ocean_both_sidebars_sidebars_width":0,"ocean_sidebar":"","ocean_second_sidebar":"","ocean_disable_margins":"enable","ocean_add_body_class":"","ocean_shortcode_before_top_bar":"","ocean_shortcode_after_top_bar":"","ocean_shortcode_before_header":"","ocean_shortcode_after_header":"","ocean_has_shortcode":"","ocean_shortcode_after_title":"","ocean_shortcode_before_footer_widgets":"","ocean_shortcode_after_footer_widgets":"","ocean_shortcode_before_footer_bottom":"","ocean_shortcode_after_footer_bottom":"","ocean_display_top_bar":"default","ocean_display_header":"default","ocean_header_style":"","ocean_center_header_left_menu":"","ocean_custom_header_template":"","ocean_custom_logo":0,"ocean_custom_retina_logo":0,"ocean_custom_logo_max_width":0,"ocean_custom_logo_tablet_max_width":0,"ocean_custom_logo_mobile_max_width":0,"ocean_custom_logo_max_height":0,"ocean_custom_logo_tablet_max_height":0,"ocean_custom_logo_mobile_max_height":0,"ocean_header_custom_menu":"","ocean_menu_typo_font_family":"","ocean_menu_typo_font_subset":"","ocean_menu_typo_font_size":0,"ocean_menu_typo_font_size_tablet":0,"ocean_menu_typo_font_size_mobile":0,"ocean_menu_typo_font_size_unit":"px","ocean_menu_typo_font_weight":"","ocean_menu_typo_font_weight_tablet":"","ocean_menu_typo_font_weight_mobile":"","ocean_menu_typo_transform":"","ocean_menu_typo_transform_tablet":"","ocean_menu_typo_transform_mobile":"","ocean_menu_typo_line_height":0,"ocean_menu_typo_line_height_tablet":0,"ocean_menu_typo_line_height_mobile":0,"ocean_menu_typo_line_height_unit":"","ocean_menu_typo_spacing":0,"ocean_menu_typo_spacing_tablet":0,"ocean_menu_typo_spacing_mobile":0,"ocean_menu_typo_spacing_unit":"","ocean_menu_link_color":"","ocean_menu_link_color_hover":"","ocean_menu_link_color_active":"","ocean_menu_link_background":"","ocean_menu_link_hover_background":"","ocean_menu_link_active_background":"","ocean_menu_social_links_bg":"","ocean_menu_social_hover_links_bg":"","ocean_menu_social_links_color":"","ocean_menu_social_hover_links_color":"","ocean_disable_title":"default","ocean_disable_heading":"default","ocean_post_title":"","ocean_post_subheading":"","ocean_post_title_style":"","ocean_post_title_background_color":"","ocean_post_title_background":0,"ocean_post_title_bg_image_position":"","ocean_post_title_bg_image_attachment":"","ocean_post_title_bg_image_repeat":"","ocean_post_title_bg_image_size":"","ocean_post_title_height":0,"ocean_post_title_bg_overlay":0.5,"ocean_post_title_bg_overlay_color":"","ocean_disable_breadcrumbs":"default","ocean_breadcrumbs_color":"","ocean_breadcrumbs_separator_color":"","ocean_breadcrumbs_links_color":"","ocean_breadcrumbs_links_hover_color":"","ocean_display_footer_widgets":"default","ocean_display_footer_bottom":"default","ocean_custom_footer_template":"","footnotes":""},"class_list":["post-14","page","type-page","status-publish","hentry","entry"],"yoast_head":"<!-- This site is optimized with the Yoast SEO plugin v27.3 - https:\/\/yoast.com\/product\/yoast-seo-wordpress\/ -->\n<title>\u014ckami - Okami Sekai<\/title>\n<meta name=\"robots\" content=\"index, follow, max-snippet:-1, max-image-preview:large, max-video-preview:-1\" \/>\n<link rel=\"canonical\" href=\"https:\/\/okamisekai.com\/index.php\/okami\/\" \/>\n<meta property=\"og:locale\" content=\"fr_FR\" \/>\n<meta property=\"og:type\" content=\"article\" \/>\n<meta property=\"og:title\" content=\"\u014ckami - Okami Sekai\" \/>\n<meta property=\"og:description\" content=\"Mon parcours \u00ab\u00a0On me demande souvent si j&rsquo;ai appris \u00e0 dessiner en cours, la r\u00e9ponse est oui, en cours de maths.\u00a0\u00bb \u00a0 \u00a0 \u00a0Je m&rsquo;apelle Okami, je suis auteur illustrateur et j&rsquo;ai commenc\u00e9 le dessin au coll\u00e8ge, au m\u00eame moment o\u00f9 je d\u00e9couvrais les mangas.\u00a0 \u00a0 \u00a0En entrant au lyc\u00e9e, j&rsquo;ai commenc\u00e9 \u00e0 faire des [&hellip;]\" \/>\n<meta property=\"og:url\" content=\"https:\/\/okamisekai.com\/index.php\/okami\/\" \/>\n<meta property=\"og:site_name\" content=\"Okami Sekai\" \/>\n<meta property=\"article:modified_time\" content=\"2026-02-23T03:11:53+00:00\" \/>\n<meta property=\"og:image\" content=\"https:\/\/okamisekai.com\/wp-content\/uploads\/2026\/02\/Animation-Okamisekai.com_.gif\" \/>\n\t<meta property=\"og:image:width\" content=\"1024\" \/>\n\t<meta property=\"og:image:height\" content=\"576\" \/>\n\t<meta property=\"og:image:type\" content=\"image\/gif\" \/>\n<meta name=\"twitter:card\" content=\"summary_large_image\" \/>\n<meta name=\"twitter:label1\" content=\"Dur\u00e9e de lecture estim\u00e9e\" \/>\n\t<meta name=\"twitter:data1\" content=\"2 minutes\" \/>\n<script type=\"application\/ld+json\" class=\"yoast-schema-graph\">{\"@context\":\"https:\\\/\\\/schema.org\",\"@graph\":[{\"@type\":\"WebPage\",\"@id\":\"https:\\\/\\\/okamisekai.com\\\/index.php\\\/okami\\\/\",\"url\":\"https:\\\/\\\/okamisekai.com\\\/index.php\\\/okami\\\/\",\"name\":\"\u014ckami - Okami Sekai\",\"isPartOf\":{\"@id\":\"https:\\\/\\\/okamisekai.com\\\/#website\"},\"primaryImageOfPage\":{\"@id\":\"https:\\\/\\\/okamisekai.com\\\/index.php\\\/okami\\\/#primaryimage\"},\"image\":{\"@id\":\"https:\\\/\\\/okamisekai.com\\\/index.php\\\/okami\\\/#primaryimage\"},\"thumbnailUrl\":\"https:\\\/\\\/okamisekai.com\\\/wp-content\\\/uploads\\\/2026\\\/02\\\/Animation-Okamisekai.com_.gif\",\"datePublished\":\"2025-08-06T23:40:37+00:00\",\"dateModified\":\"2026-02-23T03:11:53+00:00\",\"breadcrumb\":{\"@id\":\"https:\\\/\\\/okamisekai.com\\\/index.php\\\/okami\\\/#breadcrumb\"},\"inLanguage\":\"fr-FR\",\"potentialAction\":[{\"@type\":\"ReadAction\",\"target\":[\"https:\\\/\\\/okamisekai.com\\\/index.php\\\/okami\\\/\"]}]},{\"@type\":\"ImageObject\",\"inLanguage\":\"fr-FR\",\"@id\":\"https:\\\/\\\/okamisekai.com\\\/index.php\\\/okami\\\/#primaryimage\",\"url\":\"https:\\\/\\\/okamisekai.com\\\/wp-content\\\/uploads\\\/2026\\\/02\\\/Animation-Okamisekai.com_.gif\",\"contentUrl\":\"https:\\\/\\\/okamisekai.com\\\/wp-content\\\/uploads\\\/2026\\\/02\\\/Animation-Okamisekai.com_.gif\",\"width\":1920,\"height\":1080},{\"@type\":\"BreadcrumbList\",\"@id\":\"https:\\\/\\\/okamisekai.com\\\/index.php\\\/okami\\\/#breadcrumb\",\"itemListElement\":[{\"@type\":\"ListItem\",\"position\":1,\"name\":\"Home\",\"item\":\"https:\\\/\\\/okamisekai.com\\\/\"},{\"@type\":\"ListItem\",\"position\":2,\"name\":\"\u014ckami\"}]},{\"@type\":\"WebSite\",\"@id\":\"https:\\\/\\\/okamisekai.com\\\/#website\",\"url\":\"https:\\\/\\\/okamisekai.com\\\/\",\"name\":\"Okami Sekai\",\"description\":\"Illustrations &amp; Comic Strips\",\"publisher\":{\"@id\":\"https:\\\/\\\/okamisekai.com\\\/#\\\/schema\\\/person\\\/fceb9319480dd97ebc137201816eafd8\"},\"potentialAction\":[{\"@type\":\"SearchAction\",\"target\":{\"@type\":\"EntryPoint\",\"urlTemplate\":\"https:\\\/\\\/okamisekai.com\\\/?s={search_term_string}\"},\"query-input\":{\"@type\":\"PropertyValueSpecification\",\"valueRequired\":true,\"valueName\":\"search_term_string\"}}],\"inLanguage\":\"fr-FR\"},{\"@type\":[\"Person\",\"Organization\"],\"@id\":\"https:\\\/\\\/okamisekai.com\\\/#\\\/schema\\\/person\\\/fceb9319480dd97ebc137201816eafd8\",\"name\":\"Okami\",\"image\":{\"@type\":\"ImageObject\",\"inLanguage\":\"fr-FR\",\"@id\":\"http:\\\/\\\/okamisekai.com\\\/wp-content\\\/uploads\\\/2025\\\/08\\\/Image-qui-me-represente-Okami-Stained-Sekai-1024x1024.jpg\",\"url\":\"http:\\\/\\\/okamisekai.com\\\/wp-content\\\/uploads\\\/2025\\\/08\\\/Image-qui-me-represente-Okami-Stained-Sekai-1024x1024.jpg\",\"contentUrl\":\"http:\\\/\\\/okamisekai.com\\\/wp-content\\\/uploads\\\/2025\\\/08\\\/Image-qui-me-represente-Okami-Stained-Sekai-1024x1024.jpg\",\"width\":1024,\"height\":1024,\"caption\":\"Okami\"},\"logo\":{\"@id\":\"http:\\\/\\\/okamisekai.com\\\/wp-content\\\/uploads\\\/2025\\\/08\\\/Image-qui-me-represente-Okami-Stained-Sekai-1024x1024.jpg\"},\"sameAs\":[\"http:\\\/\\\/okamisekai.com\"]}]}<\/script>\n<!-- \/ Yoast SEO plugin. -->","yoast_head_json":{"title":"\u014ckami - Okami Sekai","robots":{"index":"index","follow":"follow","max-snippet":"max-snippet:-1","max-image-preview":"max-image-preview:large","max-video-preview":"max-video-preview:-1"},"canonical":"https:\/\/okamisekai.com\/index.php\/okami\/","og_locale":"fr_FR","og_type":"article","og_title":"\u014ckami - Okami Sekai","og_description":"Mon parcours \u00ab\u00a0On me demande souvent si j&rsquo;ai appris \u00e0 dessiner en cours, la r\u00e9ponse est oui, en cours de maths.\u00a0\u00bb \u00a0 \u00a0 \u00a0Je m&rsquo;apelle Okami, je suis auteur illustrateur et j&rsquo;ai commenc\u00e9 le dessin au coll\u00e8ge, au m\u00eame moment o\u00f9 je d\u00e9couvrais les mangas.\u00a0 \u00a0 \u00a0En entrant au lyc\u00e9e, j&rsquo;ai commenc\u00e9 \u00e0 faire des [&hellip;]","og_url":"https:\/\/okamisekai.com\/index.php\/okami\/","og_site_name":"Okami Sekai","article_modified_time":"2026-02-23T03:11:53+00:00","og_image":[{"url":"https:\/\/okamisekai.com\/wp-content\/uploads\/2026\/02\/Animation-Okamisekai.com_.gif","width":1024,"height":576,"type":"image\/gif"}],"twitter_card":"summary_large_image","twitter_misc":{"Dur\u00e9e de lecture estim\u00e9e":"2 minutes"},"schema":{"@context":"https:\/\/schema.org","@graph":[{"@type":"WebPage","@id":"https:\/\/okamisekai.com\/index.php\/okami\/","url":"https:\/\/okamisekai.com\/index.php\/okami\/","name":"\u014ckami - Okami Sekai","isPartOf":{"@id":"https:\/\/okamisekai.com\/#website"},"primaryImageOfPage":{"@id":"https:\/\/okamisekai.com\/index.php\/okami\/#primaryimage"},"image":{"@id":"https:\/\/okamisekai.com\/index.php\/okami\/#primaryimage"},"thumbnailUrl":"https:\/\/okamisekai.com\/wp-content\/uploads\/2026\/02\/Animation-Okamisekai.com_.gif","datePublished":"2025-08-06T23:40:37+00:00","dateModified":"2026-02-23T03:11:53+00:00","breadcrumb":{"@id":"https:\/\/okamisekai.com\/index.php\/okami\/#breadcrumb"},"inLanguage":"fr-FR","potentialAction":[{"@type":"ReadAction","target":["https:\/\/okamisekai.com\/index.php\/okami\/"]}]},{"@type":"ImageObject","inLanguage":"fr-FR","@id":"https:\/\/okamisekai.com\/index.php\/okami\/#primaryimage","url":"https:\/\/okamisekai.com\/wp-content\/uploads\/2026\/02\/Animation-Okamisekai.com_.gif","contentUrl":"https:\/\/okamisekai.com\/wp-content\/uploads\/2026\/02\/Animation-Okamisekai.com_.gif","width":1920,"height":1080},{"@type":"BreadcrumbList","@id":"https:\/\/okamisekai.com\/index.php\/okami\/#breadcrumb","itemListElement":[{"@type":"ListItem","position":1,"name":"Home","item":"https:\/\/okamisekai.com\/"},{"@type":"ListItem","position":2,"name":"\u014ckami"}]},{"@type":"WebSite","@id":"https:\/\/okamisekai.com\/#website","url":"https:\/\/okamisekai.com\/","name":"Okami Sekai","description":"Illustrations &amp; Comic Strips","publisher":{"@id":"https:\/\/okamisekai.com\/#\/schema\/person\/fceb9319480dd97ebc137201816eafd8"},"potentialAction":[{"@type":"SearchAction","target":{"@type":"EntryPoint","urlTemplate":"https:\/\/okamisekai.com\/?s={search_term_string}"},"query-input":{"@type":"PropertyValueSpecification","valueRequired":true,"valueName":"search_term_string"}}],"inLanguage":"fr-FR"},{"@type":["Person","Organization"],"@id":"https:\/\/okamisekai.com\/#\/schema\/person\/fceb9319480dd97ebc137201816eafd8","name":"Okami","image":{"@type":"ImageObject","inLanguage":"fr-FR","@id":"http:\/\/okamisekai.com\/wp-content\/uploads\/2025\/08\/Image-qui-me-represente-Okami-Stained-Sekai-1024x1024.jpg","url":"http:\/\/okamisekai.com\/wp-content\/uploads\/2025\/08\/Image-qui-me-represente-Okami-Stained-Sekai-1024x1024.jpg","contentUrl":"http:\/\/okamisekai.com\/wp-content\/uploads\/2025\/08\/Image-qui-me-represente-Okami-Stained-Sekai-1024x1024.jpg","width":1024,"height":1024,"caption":"Okami"},"logo":{"@id":"http:\/\/okamisekai.com\/wp-content\/uploads\/2025\/08\/Image-qui-me-represente-Okami-Stained-Sekai-1024x1024.jpg"},"sameAs":["http:\/\/okamisekai.com"]}]}},"_links":{"self":[{"href":"https:\/\/okamisekai.com\/index.php\/wp-json\/wp\/v2\/pages\/14","targetHints":{"allow":["GET"]}}],"collection":[{"href":"https:\/\/okamisekai.com\/index.php\/wp-json\/wp\/v2\/pages"}],"about":[{"href":"https:\/\/okamisekai.com\/index.php\/wp-json\/wp\/v2\/types\/page"}],"author":[{"embeddable":true,"href":"https:\/\/okamisekai.com\/index.php\/wp-json\/wp\/v2\/users\/1"}],"replies":[{"embeddable":true,"href":"https:\/\/okamisekai.com\/index.php\/wp-json\/wp\/v2\/comments?post=14"}],"version-history":[{"count":94,"href":"https:\/\/okamisekai.com\/index.php\/wp-json\/wp\/v2\/pages\/14\/revisions"}],"predecessor-version":[{"id":1666,"href":"https:\/\/okamisekai.com\/index.php\/wp-json\/wp\/v2\/pages\/14\/revisions\/1666"}],"wp:attachment":[{"href":"https:\/\/okamisekai.com\/index.php\/wp-json\/wp\/v2\/media?parent=14"}],"curies":[{"name":"wp","href":"https:\/\/api.w.org\/{rel}","templated":true}]}}