{"id":234,"date":"2025-08-07T23:18:41","date_gmt":"2025-08-07T21:18:41","guid":{"rendered":"https:\/\/okamisekai.com\/?page_id=234"},"modified":"2025-08-11T14:38:22","modified_gmt":"2025-08-11T12:38:22","slug":"mentions-legales","status":"publish","type":"page","link":"https:\/\/okamisekai.com\/index.php\/mentions-legales\/","title":{"rendered":"Mentions L\u00e9gales"},"content":{"rendered":"\t\t<div data-elementor-type=\"wp-page\" data-elementor-id=\"234\" class=\"elementor elementor-234\">\n\t\t\t\t<div class=\"elementor-element elementor-element-2392c2d e-flex e-con-boxed e-con e-parent\" data-id=\"2392c2d\" data-element_type=\"container\" data-e-type=\"container\">\n\t\t\t\t\t<div class=\"e-con-inner\">\n\t\t<div class=\"elementor-element elementor-element-827f0aa e-con-full e-flex e-con e-child\" data-id=\"827f0aa\" data-element_type=\"container\" data-e-type=\"container\">\n\t\t\t\t<div class=\"elementor-element elementor-element-3ba6218 elementor-widget elementor-widget-image\" data-id=\"3ba6218\" data-element_type=\"widget\" data-e-type=\"widget\" data-widget_type=\"image.default\">\n\t\t\t\t\t\t\t\t\t\t\t\t\t\t\t<img fetchpriority=\"high\" decoding=\"async\" width=\"780\" height=\"1024\" src=\"https:\/\/okamisekai.com\/wp-content\/uploads\/2025\/08\/7548ea60-b6f8-4881-bcac-99d5998e1c76-780x1024.jpg\" class=\"attachment-large size-large wp-image-457\" alt=\"\" srcset=\"https:\/\/okamisekai.com\/wp-content\/uploads\/2025\/08\/7548ea60-b6f8-4881-bcac-99d5998e1c76-780x1024.jpg 780w, https:\/\/okamisekai.com\/wp-content\/uploads\/2025\/08\/7548ea60-b6f8-4881-bcac-99d5998e1c76-229x300.jpg 229w, https:\/\/okamisekai.com\/wp-content\/uploads\/2025\/08\/7548ea60-b6f8-4881-bcac-99d5998e1c76-768x1008.jpg 768w, https:\/\/okamisekai.com\/wp-content\/uploads\/2025\/08\/7548ea60-b6f8-4881-bcac-99d5998e1c76-1170x1536.jpg 1170w, https:\/\/okamisekai.com\/wp-content\/uploads\/2025\/08\/7548ea60-b6f8-4881-bcac-99d5998e1c76-1560x2048.jpg 1560w, https:\/\/okamisekai.com\/wp-content\/uploads\/2025\/08\/7548ea60-b6f8-4881-bcac-99d5998e1c76.jpg 1562w\" sizes=\"(max-width: 780px) 100vw, 780px\" \/>\t\t\t\t\t\t\t\t\t\t\t\t\t\t\t<\/div>\n\t\t\t\t<\/div>\n\t\t<div class=\"elementor-element elementor-element-7a7929b e-con-full e-flex e-con e-child\" data-id=\"7a7929b\" data-element_type=\"container\" data-e-type=\"container\">\n\t\t\t\t<div class=\"elementor-element elementor-element-19cf1ba elementor-widget elementor-widget-heading\" data-id=\"19cf1ba\" data-element_type=\"widget\" data-e-type=\"widget\" data-widget_type=\"heading.default\">\n\t\t\t\t\t<h2 class=\"elementor-heading-title elementor-size-default\">Mentions l\u00e9gales<\/h2>\t\t\t\t<\/div>\n\t\t\t\t<div class=\"elementor-element elementor-element-c112a0f elementor-widget elementor-widget-text-editor\" data-id=\"c112a0f\" data-element_type=\"widget\" data-e-type=\"widget\" data-widget_type=\"text-editor.default\">\n\t\t\t\t\t\t\t\t\t<p><strong>Les images publi\u00e9es sur ce site ne sont pas libres de droit. Toute utilisation sans le consentement \u00e9crit d&rsquo;Okami constitue une violation du droit d\u2019auteur.<\/strong><\/p>\t\t\t\t\t\t\t\t<\/div>\n\t\t\t\t<div class=\"elementor-element elementor-element-c68ca33 elementor-widget elementor-widget-text-editor\" data-id=\"c68ca33\" data-element_type=\"widget\" data-e-type=\"widget\" data-widget_type=\"text-editor.default\">\n\t\t\t\t\t\t\t\t\t<p>Site r\u00e9alis\u00e9 sous WordPress par Okami<\/p><p>Ce site est h\u00e9berg\u00e9 par OVH SAS 2 rue Kellermann &#8211; 59100 Roubaix &#8211; France<\/p>\t\t\t\t\t\t\t\t<\/div>\n\t\t\t\t<\/div>\n\t\t\t\t\t<\/div>\n\t\t\t\t<\/div>\n\t\t\t\t<\/div>\n\t\t","protected":false},"excerpt":{"rendered":"<p>Mentions l\u00e9gales Les images publi\u00e9es sur ce site ne sont pas libres de droit. Toute utilisation sans le consentement \u00e9crit d&rsquo;Okami constitue une violation du droit d\u2019auteur. Site r\u00e9alis\u00e9 sous WordPress par Okami Ce site est h\u00e9berg\u00e9 par OVH SAS 2 rue Kellermann &#8211; 59100 Roubaix &#8211; France<\/p>\n","protected":false},"author":1,"featured_media":0,"parent":0,"menu_order":0,"comment_status":"closed","ping_status":"closed","template":"","meta":{"ocean_post_layout":"","ocean_both_sidebars_style":"","ocean_both_sidebars_content_width":0,"ocean_both_sidebars_sidebars_width":0,"ocean_sidebar":"","ocean_second_sidebar":"","ocean_disable_margins":"enable","ocean_add_body_class":"","ocean_shortcode_before_top_bar":"","ocean_shortcode_after_top_bar":"","ocean_shortcode_before_header":"","ocean_shortcode_after_header":"","ocean_has_shortcode":"","ocean_shortcode_after_title":"","ocean_shortcode_before_footer_widgets":"","ocean_shortcode_after_footer_widgets":"","ocean_shortcode_before_footer_bottom":"","ocean_shortcode_after_footer_bottom":"","ocean_display_top_bar":"default","ocean_display_header":"default","ocean_header_style":"","ocean_center_header_left_menu":"","ocean_custom_header_template":"","ocean_custom_logo":0,"ocean_custom_retina_logo":0,"ocean_custom_logo_max_width":0,"ocean_custom_logo_tablet_max_width":0,"ocean_custom_logo_mobile_max_width":0,"ocean_custom_logo_max_height":0,"ocean_custom_logo_tablet_max_height":0,"ocean_custom_logo_mobile_max_height":0,"ocean_header_custom_menu":"","ocean_menu_typo_font_family":"","ocean_menu_typo_font_subset":"","ocean_menu_typo_font_size":0,"ocean_menu_typo_font_size_tablet":0,"ocean_menu_typo_font_size_mobile":0,"ocean_menu_typo_font_size_unit":"px","ocean_menu_typo_font_weight":"","ocean_menu_typo_font_weight_tablet":"","ocean_menu_typo_font_weight_mobile":"","ocean_menu_typo_transform":"","ocean_menu_typo_transform_tablet":"","ocean_menu_typo_transform_mobile":"","ocean_menu_typo_line_height":0,"ocean_menu_typo_line_height_tablet":0,"ocean_menu_typo_line_height_mobile":0,"ocean_menu_typo_line_height_unit":"","ocean_menu_typo_spacing":0,"ocean_menu_typo_spacing_tablet":0,"ocean_menu_typo_spacing_mobile":0,"ocean_menu_typo_spacing_unit":"","ocean_menu_link_color":"","ocean_menu_link_color_hover":"","ocean_menu_link_color_active":"","ocean_menu_link_background":"","ocean_menu_link_hover_background":"","ocean_menu_link_active_background":"","ocean_menu_social_links_bg":"","ocean_menu_social_hover_links_bg":"","ocean_menu_social_links_color":"","ocean_menu_social_hover_links_color":"","ocean_disable_title":"default","ocean_disable_heading":"default","ocean_post_title":"","ocean_post_subheading":"","ocean_post_title_style":"","ocean_post_title_background_color":"","ocean_post_title_background":0,"ocean_post_title_bg_image_position":"","ocean_post_title_bg_image_attachment":"","ocean_post_title_bg_image_repeat":"","ocean_post_title_bg_image_size":"","ocean_post_title_height":0,"ocean_post_title_bg_overlay":0.5,"ocean_post_title_bg_overlay_color":"","ocean_disable_breadcrumbs":"default","ocean_breadcrumbs_color":"","ocean_breadcrumbs_separator_color":"","ocean_breadcrumbs_links_color":"","ocean_breadcrumbs_links_hover_color":"","ocean_display_footer_widgets":"default","ocean_display_footer_bottom":"default","ocean_custom_footer_template":"","footnotes":""},"class_list":["post-234","page","type-page","status-publish","hentry","entry"],"yoast_head":"<!-- This site is optimized with the Yoast SEO plugin v27.3 - https:\/\/yoast.com\/product\/yoast-seo-wordpress\/ -->\n<title>Mentions L\u00e9gales - Okami Sekai<\/title>\n<meta name=\"robots\" content=\"index, follow, max-snippet:-1, max-image-preview:large, max-video-preview:-1\" \/>\n<link rel=\"canonical\" href=\"https:\/\/okamisekai.com\/index.php\/mentions-legales\/\" \/>\n<meta property=\"og:locale\" content=\"fr_FR\" \/>\n<meta property=\"og:type\" content=\"article\" \/>\n<meta property=\"og:title\" content=\"Mentions L\u00e9gales - Okami Sekai\" \/>\n<meta property=\"og:description\" content=\"Mentions l\u00e9gales Les images publi\u00e9es sur ce site ne sont pas libres de droit. Toute utilisation sans le consentement \u00e9crit d&rsquo;Okami constitue une violation du droit d\u2019auteur. Site r\u00e9alis\u00e9 sous WordPress par Okami Ce site est h\u00e9berg\u00e9 par OVH SAS 2 rue Kellermann &#8211; 59100 Roubaix &#8211; France\" \/>\n<meta property=\"og:url\" content=\"https:\/\/okamisekai.com\/index.php\/mentions-legales\/\" \/>\n<meta property=\"og:site_name\" content=\"Okami Sekai\" \/>\n<meta property=\"article:modified_time\" content=\"2025-08-11T12:38:22+00:00\" \/>\n<meta property=\"og:image\" content=\"https:\/\/okamisekai.com\/wp-content\/uploads\/2025\/08\/7548ea60-b6f8-4881-bcac-99d5998e1c76.jpg\" \/>\n\t<meta property=\"og:image:width\" content=\"1562\" \/>\n\t<meta property=\"og:image:height\" content=\"2050\" \/>\n\t<meta property=\"og:image:type\" content=\"image\/jpeg\" \/>\n<meta name=\"twitter:card\" content=\"summary_large_image\" \/>\n<meta name=\"twitter:label1\" content=\"Dur\u00e9e de lecture estim\u00e9e\" \/>\n\t<meta name=\"twitter:data1\" content=\"1 minute\" \/>\n<script type=\"application\/ld+json\" class=\"yoast-schema-graph\">{\"@context\":\"https:\\\/\\\/schema.org\",\"@graph\":[{\"@type\":\"WebPage\",\"@id\":\"https:\\\/\\\/okamisekai.com\\\/index.php\\\/mentions-legales\\\/\",\"url\":\"https:\\\/\\\/okamisekai.com\\\/index.php\\\/mentions-legales\\\/\",\"name\":\"Mentions L\u00e9gales - Okami Sekai\",\"isPartOf\":{\"@id\":\"https:\\\/\\\/okamisekai.com\\\/#website\"},\"primaryImageOfPage\":{\"@id\":\"https:\\\/\\\/okamisekai.com\\\/index.php\\\/mentions-legales\\\/#primaryimage\"},\"image\":{\"@id\":\"https:\\\/\\\/okamisekai.com\\\/index.php\\\/mentions-legales\\\/#primaryimage\"},\"thumbnailUrl\":\"https:\\\/\\\/okamisekai.com\\\/wp-content\\\/uploads\\\/2025\\\/08\\\/7548ea60-b6f8-4881-bcac-99d5998e1c76-780x1024.jpg\",\"datePublished\":\"2025-08-07T21:18:41+00:00\",\"dateModified\":\"2025-08-11T12:38:22+00:00\",\"breadcrumb\":{\"@id\":\"https:\\\/\\\/okamisekai.com\\\/index.php\\\/mentions-legales\\\/#breadcrumb\"},\"inLanguage\":\"fr-FR\",\"potentialAction\":[{\"@type\":\"ReadAction\",\"target\":[\"https:\\\/\\\/okamisekai.com\\\/index.php\\\/mentions-legales\\\/\"]}]},{\"@type\":\"ImageObject\",\"inLanguage\":\"fr-FR\",\"@id\":\"https:\\\/\\\/okamisekai.com\\\/index.php\\\/mentions-legales\\\/#primaryimage\",\"url\":\"https:\\\/\\\/okamisekai.com\\\/wp-content\\\/uploads\\\/2025\\\/08\\\/7548ea60-b6f8-4881-bcac-99d5998e1c76.jpg\",\"contentUrl\":\"https:\\\/\\\/okamisekai.com\\\/wp-content\\\/uploads\\\/2025\\\/08\\\/7548ea60-b6f8-4881-bcac-99d5998e1c76.jpg\",\"width\":1562,\"height\":2050},{\"@type\":\"BreadcrumbList\",\"@id\":\"https:\\\/\\\/okamisekai.com\\\/index.php\\\/mentions-legales\\\/#breadcrumb\",\"itemListElement\":[{\"@type\":\"ListItem\",\"position\":1,\"name\":\"Home\",\"item\":\"https:\\\/\\\/okamisekai.com\\\/\"},{\"@type\":\"ListItem\",\"position\":2,\"name\":\"Mentions L\u00e9gales\"}]},{\"@type\":\"WebSite\",\"@id\":\"https:\\\/\\\/okamisekai.com\\\/#website\",\"url\":\"https:\\\/\\\/okamisekai.com\\\/\",\"name\":\"Okami Sekai\",\"description\":\"Illustrations &amp; Comic Strips\",\"publisher\":{\"@id\":\"https:\\\/\\\/okamisekai.com\\\/#\\\/schema\\\/person\\\/fceb9319480dd97ebc137201816eafd8\"},\"potentialAction\":[{\"@type\":\"SearchAction\",\"target\":{\"@type\":\"EntryPoint\",\"urlTemplate\":\"https:\\\/\\\/okamisekai.com\\\/?s={search_term_string}\"},\"query-input\":{\"@type\":\"PropertyValueSpecification\",\"valueRequired\":true,\"valueName\":\"search_term_string\"}}],\"inLanguage\":\"fr-FR\"},{\"@type\":[\"Person\",\"Organization\"],\"@id\":\"https:\\\/\\\/okamisekai.com\\\/#\\\/schema\\\/person\\\/fceb9319480dd97ebc137201816eafd8\",\"name\":\"Okami\",\"image\":{\"@type\":\"ImageObject\",\"inLanguage\":\"fr-FR\",\"@id\":\"http:\\\/\\\/okamisekai.com\\\/wp-content\\\/uploads\\\/2025\\\/08\\\/Image-qui-me-represente-Okami-Stained-Sekai-1024x1024.jpg\",\"url\":\"http:\\\/\\\/okamisekai.com\\\/wp-content\\\/uploads\\\/2025\\\/08\\\/Image-qui-me-represente-Okami-Stained-Sekai-1024x1024.jpg\",\"contentUrl\":\"http:\\\/\\\/okamisekai.com\\\/wp-content\\\/uploads\\\/2025\\\/08\\\/Image-qui-me-represente-Okami-Stained-Sekai-1024x1024.jpg\",\"width\":1024,\"height\":1024,\"caption\":\"Okami\"},\"logo\":{\"@id\":\"http:\\\/\\\/okamisekai.com\\\/wp-content\\\/uploads\\\/2025\\\/08\\\/Image-qui-me-represente-Okami-Stained-Sekai-1024x1024.jpg\"},\"sameAs\":[\"http:\\\/\\\/okamisekai.com\"]}]}<\/script>\n<!-- \/ Yoast SEO plugin. -->","yoast_head_json":{"title":"Mentions L\u00e9gales - Okami Sekai","robots":{"index":"index","follow":"follow","max-snippet":"max-snippet:-1","max-image-preview":"max-image-preview:large","max-video-preview":"max-video-preview:-1"},"canonical":"https:\/\/okamisekai.com\/index.php\/mentions-legales\/","og_locale":"fr_FR","og_type":"article","og_title":"Mentions L\u00e9gales - Okami Sekai","og_description":"Mentions l\u00e9gales Les images publi\u00e9es sur ce site ne sont pas libres de droit. Toute utilisation sans le consentement \u00e9crit d&rsquo;Okami constitue une violation du droit d\u2019auteur. Site r\u00e9alis\u00e9 sous WordPress par Okami Ce site est h\u00e9berg\u00e9 par OVH SAS 2 rue Kellermann &#8211; 59100 Roubaix &#8211; France","og_url":"https:\/\/okamisekai.com\/index.php\/mentions-legales\/","og_site_name":"Okami Sekai","article_modified_time":"2025-08-11T12:38:22+00:00","og_image":[{"width":1562,"height":2050,"url":"https:\/\/okamisekai.com\/wp-content\/uploads\/2025\/08\/7548ea60-b6f8-4881-bcac-99d5998e1c76.jpg","type":"image\/jpeg"}],"twitter_card":"summary_large_image","twitter_misc":{"Dur\u00e9e de lecture estim\u00e9e":"1 minute"},"schema":{"@context":"https:\/\/schema.org","@graph":[{"@type":"WebPage","@id":"https:\/\/okamisekai.com\/index.php\/mentions-legales\/","url":"https:\/\/okamisekai.com\/index.php\/mentions-legales\/","name":"Mentions L\u00e9gales - Okami Sekai","isPartOf":{"@id":"https:\/\/okamisekai.com\/#website"},"primaryImageOfPage":{"@id":"https:\/\/okamisekai.com\/index.php\/mentions-legales\/#primaryimage"},"image":{"@id":"https:\/\/okamisekai.com\/index.php\/mentions-legales\/#primaryimage"},"thumbnailUrl":"https:\/\/okamisekai.com\/wp-content\/uploads\/2025\/08\/7548ea60-b6f8-4881-bcac-99d5998e1c76-780x1024.jpg","datePublished":"2025-08-07T21:18:41+00:00","dateModified":"2025-08-11T12:38:22+00:00","breadcrumb":{"@id":"https:\/\/okamisekai.com\/index.php\/mentions-legales\/#breadcrumb"},"inLanguage":"fr-FR","potentialAction":[{"@type":"ReadAction","target":["https:\/\/okamisekai.com\/index.php\/mentions-legales\/"]}]},{"@type":"ImageObject","inLanguage":"fr-FR","@id":"https:\/\/okamisekai.com\/index.php\/mentions-legales\/#primaryimage","url":"https:\/\/okamisekai.com\/wp-content\/uploads\/2025\/08\/7548ea60-b6f8-4881-bcac-99d5998e1c76.jpg","contentUrl":"https:\/\/okamisekai.com\/wp-content\/uploads\/2025\/08\/7548ea60-b6f8-4881-bcac-99d5998e1c76.jpg","width":1562,"height":2050},{"@type":"BreadcrumbList","@id":"https:\/\/okamisekai.com\/index.php\/mentions-legales\/#breadcrumb","itemListElement":[{"@type":"ListItem","position":1,"name":"Home","item":"https:\/\/okamisekai.com\/"},{"@type":"ListItem","position":2,"name":"Mentions L\u00e9gales"}]},{"@type":"WebSite","@id":"https:\/\/okamisekai.com\/#website","url":"https:\/\/okamisekai.com\/","name":"Okami Sekai","description":"Illustrations &amp; Comic Strips","publisher":{"@id":"https:\/\/okamisekai.com\/#\/schema\/person\/fceb9319480dd97ebc137201816eafd8"},"potentialAction":[{"@type":"SearchAction","target":{"@type":"EntryPoint","urlTemplate":"https:\/\/okamisekai.com\/?s={search_term_string}"},"query-input":{"@type":"PropertyValueSpecification","valueRequired":true,"valueName":"search_term_string"}}],"inLanguage":"fr-FR"},{"@type":["Person","Organization"],"@id":"https:\/\/okamisekai.com\/#\/schema\/person\/fceb9319480dd97ebc137201816eafd8","name":"Okami","image":{"@type":"ImageObject","inLanguage":"fr-FR","@id":"http:\/\/okamisekai.com\/wp-content\/uploads\/2025\/08\/Image-qui-me-represente-Okami-Stained-Sekai-1024x1024.jpg","url":"http:\/\/okamisekai.com\/wp-content\/uploads\/2025\/08\/Image-qui-me-represente-Okami-Stained-Sekai-1024x1024.jpg","contentUrl":"http:\/\/okamisekai.com\/wp-content\/uploads\/2025\/08\/Image-qui-me-represente-Okami-Stained-Sekai-1024x1024.jpg","width":1024,"height":1024,"caption":"Okami"},"logo":{"@id":"http:\/\/okamisekai.com\/wp-content\/uploads\/2025\/08\/Image-qui-me-represente-Okami-Stained-Sekai-1024x1024.jpg"},"sameAs":["http:\/\/okamisekai.com"]}]}},"_links":{"self":[{"href":"https:\/\/okamisekai.com\/index.php\/wp-json\/wp\/v2\/pages\/234","targetHints":{"allow":["GET"]}}],"collection":[{"href":"https:\/\/okamisekai.com\/index.php\/wp-json\/wp\/v2\/pages"}],"about":[{"href":"https:\/\/okamisekai.com\/index.php\/wp-json\/wp\/v2\/types\/page"}],"author":[{"embeddable":true,"href":"https:\/\/okamisekai.com\/index.php\/wp-json\/wp\/v2\/users\/1"}],"replies":[{"embeddable":true,"href":"https:\/\/okamisekai.com\/index.php\/wp-json\/wp\/v2\/comments?post=234"}],"version-history":[{"count":10,"href":"https:\/\/okamisekai.com\/index.php\/wp-json\/wp\/v2\/pages\/234\/revisions"}],"predecessor-version":[{"id":502,"href":"https:\/\/okamisekai.com\/index.php\/wp-json\/wp\/v2\/pages\/234\/revisions\/502"}],"wp:attachment":[{"href":"https:\/\/okamisekai.com\/index.php\/wp-json\/wp\/v2\/media?parent=234"}],"curies":[{"name":"wp","href":"https:\/\/api.w.org\/{rel}","templated":true}]}}